{"id":1000,"date":"2021-03-23T19:47:20","date_gmt":"2021-03-23T19:47:20","guid":{"rendered":"https:\/\/mktinmobiliario.cl\/inicio\/?page_id=1000"},"modified":"2021-03-27T17:01:05","modified_gmt":"2021-03-27T17:01:05","slug":"planos-2d-3d-y-renders","status":"publish","type":"page","link":"https:\/\/mktinmobiliario.cl\/inicio\/planos-2d-3d-y-renders\/","title":{"rendered":"Planos 2D, 3D y Renders"},"content":{"rendered":"\n<p>\u00bfPOR QU\u00c9 DEBER\u00cdA CONTRATAR EL SERVICIO DE LEVANTAMIENTO DE PLANOS?<br>El servicio de levantamiento de planos es especialmente \u00fatil en aquellos casos en que no se puede realizar una sesi\u00f3n fotogr\u00e1fica debido a que la vivienda est\u00e1 llena de trastos o cuando el estado de conservaci\u00f3n de la misma no es el adecuado.<br>En estos casos, una vez realizado el levantamiento in situ, se procede a la realizaci\u00f3n del Plano en 2D.<br>Complementariamente se puede realizar el Plano en 3D e incluso podemos hacer renders de c\u00f3mo quedar\u00edan las estancias principales de la vivienda.<br>\u00bfQU\u00c9 INCLUYE EL SERVICIO DE LEVANTAMIENTO DE PLANOS?<br>Este servicio incluye la toma de datos en la vivienda (levantamiento propiamente dicho) y posterior delineaci\u00f3n del Plano en 2D con programa inform\u00e1tico.<br>El Plano en 2D se entrega amueblado para que sea m\u00e1s f\u00e1cil su interpretaci\u00f3n.<br>\u00bfQU\u00c9 PRECIO TIENE?<br>El precio del Plano 2D depende de la superficie del inmueble. Consulta sin compromiso el precio del plano de tu vivienda.<br>\u00bfQU\u00c9 GRADO DE PRECISI\u00d3N TIENE?<br>Cabe decir que la precisi\u00f3n es la adecuada para mostrar la distribuci\u00f3n de espacios de la vivienda y las posibilidades de la misma de una forma gr\u00e1fica e intuitiva.<br>Para levantamiento de planos con el objeto de redactar un proyecto de construcci\u00f3n se establecer\u00e1 un nivel de detalle mayor e igualmente se ajustar\u00e1 el precio.<br>\u00bfQU\u00c9 M\u00c1S PUEDO HACER PARA QUE MI VIVIENDA DESTAQUE?<br>Una vez realizado el levantamiento de planos y el Plano 2D, se puede contratar adicionalmente el Plano en 3D.<br>\u00bfSE PUEDEN MOSTRAR IM\u00c1GENES DE UNA POSIBLE REFORMA?<br>S\u00ed. Esto es lo que ofrecemos con el servicio de renderizado. Podemos hacer im\u00e1genes de c\u00f3mo quedar\u00eda una reforma de su vivienda o de c\u00f3mo podr\u00eda quedar su vivienda vac\u00eda una vez amueblada.<br>Lo habitual es hacer im\u00e1genes render del sal\u00f3n, dormitorio principal, cocina y ba\u00f1o.<br>\u00bfQU\u00c9 PRECIO TIENEN LOS RENDERS?<br>El precio de cada render depender\u00e1 del nivel de detalle de la imagen y de la cantidad de im\u00e1genes contratadas. Puedes consultarnos los precios sin compromiso.<\/p>\n","protected":false},"excerpt":{"rendered":"<p>\u00bfPOR QU\u00c9 DEBER\u00cdA CONTRATAR EL SERVICIO DE LEVANTAMIENTO DE PLANOS?El servicio de levantamiento de planos es especialmente \u00fatil en aquellos casos en que no se puede realizar una sesi\u00f3n fotogr\u00e1fica debido a que la vivienda est\u00e1 llena de trastos o cuando el estado de conservaci\u00f3n de la misma no es el adecuado.En estos casos, una [&hellip;]<\/p>\n","protected":false},"author":1,"featured_media":0,"parent":0,"menu_order":0,"comment_status":"closed","ping_status":"closed","template":"","meta":{"footnotes":""},"class_list":["post-1000","page","type-page","status-publish","hentry"],"_links":{"self":[{"href":"https:\/\/mktinmobiliario.cl\/inicio\/wp-json\/wp\/v2\/pages\/1000","targetHints":{"allow":["GET"]}}],"collection":[{"href":"https:\/\/mktinmobiliario.cl\/inicio\/wp-json\/wp\/v2\/pages"}],"about":[{"href":"https:\/\/mktinmobiliario.cl\/inicio\/wp-json\/wp\/v2\/types\/page"}],"author":[{"embeddable":true,"href":"https:\/\/mktinmobiliario.cl\/inicio\/wp-json\/wp\/v2\/users\/1"}],"replies":[{"embeddable":true,"href":"https:\/\/mktinmobiliario.cl\/inicio\/wp-json\/wp\/v2\/comments?post=1000"}],"version-history":[{"count":6,"href":"https:\/\/mktinmobiliario.cl\/inicio\/wp-json\/wp\/v2\/pages\/1000\/revisions"}],"predecessor-version":[{"id":1194,"href":"https:\/\/mktinmobiliario.cl\/inicio\/wp-json\/wp\/v2\/pages\/1000\/revisions\/1194"}],"wp:attachment":[{"href":"https:\/\/mktinmobiliario.cl\/inicio\/wp-json\/wp\/v2\/media?parent=1000"}],"curies":[{"name":"wp","href":"https:\/\/api.w.org\/{rel}","templated":true}]}}