{"id":1012,"date":"2021-03-23T19:56:46","date_gmt":"2021-03-23T19:56:46","guid":{"rendered":"https:\/\/mktinmobiliario.cl\/inicio\/?page_id=1012"},"modified":"2021-03-27T17:02:57","modified_gmt":"2021-03-27T17:02:57","slug":"servicios-y-marketing","status":"publish","type":"page","link":"https:\/\/mktinmobiliario.cl\/inicio\/servicios-y-marketing\/","title":{"rendered":"Servicios y Marketing"},"content":{"rendered":"\n<h3 class=\"wp-block-heading\">Gesti\u00f3n de redes sociales<\/h3>\n\n\n\n<p>Para que una estrategia social media ayude a impulsar cualquier negocio se debe tener presencia en redes sociales, crear comunidades e interactuar con la audiencia.<\/p>\n\n\n\n<h3 class=\"wp-block-heading\">Branding<\/h3>\n\n\n\n<p>Desarrollo de la identidad gr\u00e1fica de cualquier empresa. Creaci\u00f3n de logo, panel de colores y mucho m\u00e1s.<\/p>\n\n\n\n<h3 class=\"wp-block-heading\">Campa\u00f1as de Ads<\/h3>\n\n\n\n<p>Creamos campa\u00f1as con anuncios pagos en redes sociales para aumentar los leads de nuestros clientes.<\/p>\n\n\n\n<h3 class=\"wp-block-heading\">Email marketing<\/h3>\n\n\n\n<p>Realizamos campa\u00f1as personalizadas a trav\u00e9s de correo electr\u00f3nico.<\/p>\n","protected":false},"excerpt":{"rendered":"<p>Gesti\u00f3n de redes sociales Para que una estrategia social media ayude a impulsar cualquier negocio se debe tener presencia en redes sociales, crear comunidades e interactuar con la audiencia. Branding Desarrollo de la identidad gr\u00e1fica de cualquier empresa. Creaci\u00f3n de logo, panel de colores y mucho m\u00e1s. Campa\u00f1as de Ads Creamos campa\u00f1as con anuncios pagos [&hellip;]<\/p>\n","protected":false},"author":1,"featured_media":0,"parent":0,"menu_order":0,"comment_status":"closed","ping_status":"closed","template":"","meta":{"footnotes":""},"class_list":["post-1012","page","type-page","status-publish","hentry"],"_links":{"self":[{"href":"https:\/\/mktinmobiliario.cl\/inicio\/wp-json\/wp\/v2\/pages\/1012","targetHints":{"allow":["GET"]}}],"collection":[{"href":"https:\/\/mktinmobiliario.cl\/inicio\/wp-json\/wp\/v2\/pages"}],"about":[{"href":"https:\/\/mktinmobiliario.cl\/inicio\/wp-json\/wp\/v2\/types\/page"}],"author":[{"embeddable":true,"href":"https:\/\/mktinmobiliario.cl\/inicio\/wp-json\/wp\/v2\/users\/1"}],"replies":[{"embeddable":true,"href":"https:\/\/mktinmobiliario.cl\/inicio\/wp-json\/wp\/v2\/comments?post=1012"}],"version-history":[{"count":6,"href":"https:\/\/mktinmobiliario.cl\/inicio\/wp-json\/wp\/v2\/pages\/1012\/revisions"}],"predecessor-version":[{"id":1195,"href":"https:\/\/mktinmobiliario.cl\/inicio\/wp-json\/wp\/v2\/pages\/1012\/revisions\/1195"}],"wp:attachment":[{"href":"https:\/\/mktinmobiliario.cl\/inicio\/wp-json\/wp\/v2\/media?parent=1012"}],"curies":[{"name":"wp","href":"https:\/\/api.w.org\/{rel}","templated":true}]}}