{"id":1310,"date":"2021-03-31T19:18:13","date_gmt":"2021-03-31T19:18:13","guid":{"rendered":"https:\/\/mktinmobiliario.cl\/inicio\/?page_id=1310"},"modified":"2021-03-31T20:22:08","modified_gmt":"2021-03-31T20:22:08","slug":"preguntas-frecuentes","status":"publish","type":"page","link":"https:\/\/mktinmobiliario.cl\/inicio\/preguntas-frecuentes\/","title":{"rendered":"Preguntas Frecuentes"},"content":{"rendered":"\n<div class=\"wp-block-columns is-layout-flex wp-container-core-columns-is-layout-9d6595d7 wp-block-columns-is-layout-flex\">\n<div class=\"wp-block-column is-layout-flow wp-block-column-is-layout-flow\">\n<div class=\"wp-block-columns is-layout-flex wp-container-core-columns-is-layout-9d6595d7 wp-block-columns-is-layout-flex\">\n<div class=\"wp-block-column is-layout-flow wp-block-column-is-layout-flow\">\n<p><strong>\u00bfQUE ES EL MARKETING?<\/strong><\/p>\n\n\n\n<p>Conjunto de t\u00e9cnicas y estudios que tienen como objeto mejorar la comercializaci\u00f3n de un producto.<\/p>\n<\/div>\n<\/div>\n\n\n\n<div class=\"wp-block-columns is-layout-flex wp-container-core-columns-is-layout-9d6595d7 wp-block-columns-is-layout-flex\">\n<div class=\"wp-block-column is-layout-flow wp-block-column-is-layout-flow\">\n<p><strong>\u00bfQUE ES EL MARKETING INMOBILIARIO?<\/strong><\/p>\n\n\n\n<p>El&nbsp;<strong>marketing inmobiliario<\/strong>&nbsp;es un conjunto de estrategias que centra sus esfuerzos en cumplir con dos objetivos: la captaci\u00f3n de inmuebles para su posterior venta o alquiler, y la captaci\u00f3n de clientes potenciales que desean comprar o alquilar un inmueble.<\/p>\n<\/div>\n<\/div>\n<\/div>\n<\/div>\n\n\n\n<div class=\"wp-block-columns is-layout-flex wp-container-core-columns-is-layout-9d6595d7 wp-block-columns-is-layout-flex\">\n<div class=\"wp-block-column is-layout-flow wp-block-column-is-layout-flow\">\n<p><strong>\u00bfPOR QU\u00c9 NECESITAS EL SERVICIO DE FOTOGRAF\u00cdA INMOBILIARIA?<\/strong><\/p>\n\n\n\n<p>Si quieres que tu vivienda genere inter\u00e9s en un mercado tan competitivo como el inmobiliario tienes que hacer que destaque. Estas son las principales RAZONES por las que vale la pena contratar nuestro servicio de fotograf\u00eda inmobiliaria:<br>\u2022 El 70% de los compradores inicia la b\u00fasqueda de su vivienda por INTERNET.<br>\u2022 Si la FOTO PRINCIPAL de tu anuncio no llama la atenci\u00f3n ser\u00e1 descartada en menos de 1 segundo.<br>\u2022 Las viviendas con fotograf\u00edas reciben M\u00c1S VISITAS.<br>\u2022 En los portales inmobiliarios los ANUNCIOS con fotograf\u00edas se posicionan PRIMERO.<br>\u2022 Las propiedades con fotograf\u00edas se VENDEN hasta un 30% M\u00c1S R\u00c1PIDO que las que no tienen.<\/p>\n<\/div>\n<\/div>\n\n\n\n<div class=\"wp-block-columns is-layout-flex wp-container-core-columns-is-layout-9d6595d7 wp-block-columns-is-layout-flex\">\n<div class=\"wp-block-column is-layout-flow wp-block-column-is-layout-flow\">\n<p><strong>\u00bfQU\u00c9 PRECIO TIENE LA FOTOGRAFIA INMOBILIARIA?<\/strong><\/p>\n\n\n\n<p>El precio depende del tipo de vivienda, la superficie de la misma, y del n\u00famero de fotograf\u00edas entregadas. Contacta sin compromiso para conocer el precio de tu reportaje.<\/p>\n<\/div>\n<\/div>\n\n\n\n<div class=\"wp-block-columns is-layout-flex wp-container-core-columns-is-layout-9d6595d7 wp-block-columns-is-layout-flex\">\n<div class=\"wp-block-column is-layout-flow wp-block-column-is-layout-flow\">\n<p><strong>\u00bfC\u00d3MO PREPARAMOS LA SESI\u00d3N FOTOGR\u00c1FICA?<\/strong><\/p>\n\n\n\n<p>La vivienda deber\u00e1 encontrarse en un correcto estado de orden y limpieza para la visita.<br>Antes de la sesi\u00f3n fotogr\u00e1fica realizamos una r\u00e1pida inspecci\u00f3n al inmueble para detectar los puntos fuertes de la vivienda, posici\u00f3n y \u00e1ngulo de disparo, y reubicamos aquellos objetos que no aporten informaci\u00f3n relevante para los posibles interesados.<\/p>\n<\/div>\n<\/div>\n\n\n\n<div class=\"wp-block-columns is-layout-flex wp-container-core-columns-is-layout-9d6595d7 wp-block-columns-is-layout-flex\">\n<div class=\"wp-block-column is-layout-flow wp-block-column-is-layout-flow\">\n<p><strong>\u00bfQU\u00c9 EQUIPO UTILIZAMOS PARA FOTOGRAFIA?<\/strong><\/p>\n\n\n\n<p>Para la sesi\u00f3n fotogr\u00e1fica utilizaremos una c\u00e1mara r\u00e9flex de formato completo o Full Frame, con objetivo Gran Angular para transmitir la sensaci\u00f3n de espacios, alternativamente otro objetivo para recoger ciertos detalles de la vivienda, tr\u00edpode y flash.<br>Las im\u00e1genes se toman en formato RAW, lo que nos permite posteriormente realizar el trabajo de postproducci\u00f3n (edici\u00f3n \/ revelado digital) para obtener los resultados deseados.<\/p>\n<\/div>\n<\/div>\n\n\n\n<div class=\"wp-block-columns is-layout-flex wp-container-core-columns-is-layout-9d6595d7 wp-block-columns-is-layout-flex\">\n<div class=\"wp-block-column is-layout-flow wp-block-column-is-layout-flow\">\n<p><strong>\u00bfQUE NOS DIFERENCIA?<\/strong><\/p>\n\n\n\n<p>Nos diferenciamos por que somos Arquitectos visualizando propiedades e edificios .<\/p>\n\n\n\n<p>Con mas de 10 a\u00f1os dentro de los proyectos inmobiliarios tenemos el ojo profesional de saber que mostrar de cada proyecto<\/p>\n<\/div>\n<\/div>\n\n\n\n<div class=\"wp-block-columns is-layout-flex wp-container-core-columns-is-layout-9d6595d7 wp-block-columns-is-layout-flex\">\n<div class=\"wp-block-column is-layout-flow wp-block-column-is-layout-flow\">\n<p><strong>\u00bfCUAL ES LA DIFERENCIA ENTRE UNA FOTOGRAF\u00cdA Y UNA FOTOGRAFIA INMOBILIARIA?<\/strong><\/p>\n<\/div>\n<\/div>\n\n\n\n<div class=\"wp-block-columns is-layout-flex wp-container-core-columns-is-layout-9d6595d7 wp-block-columns-is-layout-flex\">\n<div class=\"wp-block-column is-layout-flow wp-block-column-is-layout-flow\"><\/div>\n<\/div>\n\n\n\n<div class=\"wp-block-columns is-layout-flex wp-container-core-columns-is-layout-9d6595d7 wp-block-columns-is-layout-flex\">\n<div class=\"wp-block-column is-layout-flow wp-block-column-is-layout-flow\"><\/div>\n<\/div>\n\n\n\n<div class=\"wp-block-columns is-layout-flex wp-container-core-columns-is-layout-9d6595d7 wp-block-columns-is-layout-flex\">\n<div class=\"wp-block-column is-layout-flow wp-block-column-is-layout-flow\"><\/div>\n<\/div>\n\n\n\n<div class=\"wp-block-columns is-layout-flex wp-container-core-columns-is-layout-9d6595d7 wp-block-columns-is-layout-flex\">\n<div class=\"wp-block-column is-layout-flow wp-block-column-is-layout-flow\"><\/div>\n<\/div>\n\n\n\n<div class=\"wp-block-columns is-layout-flex wp-container-core-columns-is-layout-9d6595d7 wp-block-columns-is-layout-flex\"><\/div>\n\n\n\n<div class=\"wp-block-columns is-layout-flex wp-container-core-columns-is-layout-9d6595d7 wp-block-columns-is-layout-flex\"><\/div>\n\n\n\n<div class=\"wp-block-columns is-layout-flex wp-container-core-columns-is-layout-9d6595d7 wp-block-columns-is-layout-flex\"><\/div>\n\n\n\n<p><\/p>\n","protected":false},"excerpt":{"rendered":"<p>\u00bfQUE ES EL MARKETING? Conjunto de t\u00e9cnicas y estudios que tienen como objeto mejorar la comercializaci\u00f3n de un producto. \u00bfQUE ES EL MARKETING INMOBILIARIO? El&nbsp;marketing inmobiliario&nbsp;es un conjunto de estrategias que centra sus esfuerzos en cumplir con dos objetivos: la captaci\u00f3n de inmuebles para su posterior venta o alquiler, y la captaci\u00f3n de clientes potenciales [&hellip;]<\/p>\n","protected":false},"author":1,"featured_media":0,"parent":0,"menu_order":0,"comment_status":"closed","ping_status":"closed","template":"","meta":{"footnotes":""},"class_list":["post-1310","page","type-page","status-publish","hentry"],"_links":{"self":[{"href":"https:\/\/mktinmobiliario.cl\/inicio\/wp-json\/wp\/v2\/pages\/1310","targetHints":{"allow":["GET"]}}],"collection":[{"href":"https:\/\/mktinmobiliario.cl\/inicio\/wp-json\/wp\/v2\/pages"}],"about":[{"href":"https:\/\/mktinmobiliario.cl\/inicio\/wp-json\/wp\/v2\/types\/page"}],"author":[{"embeddable":true,"href":"https:\/\/mktinmobiliario.cl\/inicio\/wp-json\/wp\/v2\/users\/1"}],"replies":[{"embeddable":true,"href":"https:\/\/mktinmobiliario.cl\/inicio\/wp-json\/wp\/v2\/comments?post=1310"}],"version-history":[{"count":50,"href":"https:\/\/mktinmobiliario.cl\/inicio\/wp-json\/wp\/v2\/pages\/1310\/revisions"}],"predecessor-version":[{"id":1363,"href":"https:\/\/mktinmobiliario.cl\/inicio\/wp-json\/wp\/v2\/pages\/1310\/revisions\/1363"}],"wp:attachment":[{"href":"https:\/\/mktinmobiliario.cl\/inicio\/wp-json\/wp\/v2\/media?parent=1310"}],"curies":[{"name":"wp","href":"https:\/\/api.w.org\/{rel}","templated":true}]}}