{"id":86,"date":"2016-04-18T15:25:28","date_gmt":"2016-04-18T15:25:28","guid":{"rendered":"http:\/\/realtyspace.codefactory47.com\/?page_id=86"},"modified":"2021-09-22T17:41:08","modified_gmt":"2021-09-22T17:41:08","slug":"contacto","status":"publish","type":"page","link":"https:\/\/mktinmobiliario.cl\/inicio\/contacto\/","title":{"rendered":"Contacto"},"content":{"rendered":"<h4>Cont\u00e1ctanos<\/h4>\n<p><strong>Nuestro objetivo es ayudar a personas, profesionales y empresas a mejorar su visibilidad y ventas a trav\u00e9s de la Fotograf\u00eda &amp; videos profesionales con las mejores herramientas del mercado.<\/strong><\/p>\n<p>SIGUENOS&nbsp; en nuestras redes sociales , encontraras mas de nuestros trabajos y promociones<\/p>\n\n\n<p><\/p>\n","protected":false},"excerpt":{"rendered":"<p>Cont\u00e1ctanos Nuestro objetivo es ayudar a personas, profesionales y empresas a mejorar su visibilidad y ventas a trav\u00e9s de la Fotograf\u00eda &amp; videos profesionales con las mejores herramientas del mercado. SIGUENOS&nbsp; en nuestras redes sociales , encontraras mas de nuestros trabajos y promociones<\/p>\n","protected":false},"author":1,"featured_media":0,"parent":0,"menu_order":0,"comment_status":"closed","ping_status":"closed","template":"page-templates\/template-page-contact.php","meta":{"footnotes":""},"class_list":["post-86","page","type-page","status-publish","hentry"],"_links":{"self":[{"href":"https:\/\/mktinmobiliario.cl\/inicio\/wp-json\/wp\/v2\/pages\/86","targetHints":{"allow":["GET"]}}],"collection":[{"href":"https:\/\/mktinmobiliario.cl\/inicio\/wp-json\/wp\/v2\/pages"}],"about":[{"href":"https:\/\/mktinmobiliario.cl\/inicio\/wp-json\/wp\/v2\/types\/page"}],"author":[{"embeddable":true,"href":"https:\/\/mktinmobiliario.cl\/inicio\/wp-json\/wp\/v2\/users\/1"}],"replies":[{"embeddable":true,"href":"https:\/\/mktinmobiliario.cl\/inicio\/wp-json\/wp\/v2\/comments?post=86"}],"version-history":[{"count":19,"href":"https:\/\/mktinmobiliario.cl\/inicio\/wp-json\/wp\/v2\/pages\/86\/revisions"}],"predecessor-version":[{"id":1613,"href":"https:\/\/mktinmobiliario.cl\/inicio\/wp-json\/wp\/v2\/pages\/86\/revisions\/1613"}],"wp:attachment":[{"href":"https:\/\/mktinmobiliario.cl\/inicio\/wp-json\/wp\/v2\/media?parent=86"}],"curies":[{"name":"wp","href":"https:\/\/api.w.org\/{rel}","templated":true}]}}