{"id":997,"date":"2021-03-23T19:46:16","date_gmt":"2021-03-23T19:46:16","guid":{"rendered":"https:\/\/mktinmobiliario.cl\/inicio\/?page_id=997"},"modified":"2021-03-27T17:03:04","modified_gmt":"2021-03-27T17:03:04","slug":"fotografia-inmobiliaria","status":"publish","type":"page","link":"https:\/\/mktinmobiliario.cl\/inicio\/fotografia-inmobiliaria\/","title":{"rendered":"Fotograf\u00eda Inmobiliaria"},"content":{"rendered":"\n<h3 class=\"wp-block-heading\">\u00bfPOR QU\u00c9 CONTRATARNOS?<\/h3>\n\n\n\n<p>Ponemos nuestra EXPERIENCIA y nuestro EQUIPO FOTOGR\u00c1FICO a tu disposici\u00f3n. Ofrecemos un servicio PREMIUM con precios para todos los bolsillos.<\/p>\n\n\n\n<p>\u00bfPOR QU\u00c9 NECESITAS EL SERVICIO DE FOTOGRAF\u00cdA INMOBILIARIA?<br>Si quieres que tu vivienda genere inter\u00e9s en un mercado tan competitivo como el inmobiliario tienes que hacer que destaque. Estas son las principales RAZONES por las que vale la pena contratar nuestro servicio de fotograf\u00eda inmobiliaria:<br>\u2022 El 70% de los compradores inicia la b\u00fasqueda de su vivienda por INTERNET.<br>\u2022 Si la FOTO PRINCIPAL de tu anuncio no llama la atenci\u00f3n ser\u00e1 descartada en menos de 1 segundo.<br>\u2022 Las viviendas con fotograf\u00edas reciben M\u00c1S VISITAS.<br>\u2022 En los portales inmobiliarios los ANUNCIOS con fotograf\u00edas se posicionan PRIMERO.<br>\u2022 Las propiedades con fotograf\u00edas se VENDEN hasta un 30% M\u00c1S R\u00c1PIDO que las que no tienen.<\/p>\n\n\n\n<p>\u00bfQU\u00c9 PRECIO TIENE?<br>El precio depende del tipo de vivienda, la superficie de la misma, y del n\u00famero de fotograf\u00edas entregadas. Contacta sin compromiso para conocer el precio de tu reportaje.<\/p>\n\n\n\n<p>\u00bfC\u00d3MO PREPARAMOS LA SESI\u00d3N FOTOGR\u00c1FICA?<br>La vivienda deber\u00e1 encontrarse en un correcto estado de orden y limpieza para la visita.<br>Antes de la sesi\u00f3n fotogr\u00e1fica realizamos una r\u00e1pida inspecci\u00f3n al inmueble para detectar los puntos fuertes de la vivienda, posici\u00f3n y \u00e1ngulo de disparo, y reubicamos aquellos objetos que no aporten informaci\u00f3n relevante para los posibles interesados.<\/p>\n\n\n\n<p>\u00bfQU\u00c9 EQUIPO UTILIZAMOS?<br>Para la sesi\u00f3n fotogr\u00e1fica utilizaremos una c\u00e1mara r\u00e9flex de formato completo o Full Frame, con objetivo Gran Angular para transmitir la sensaci\u00f3n de espacios, alternativamente otro objetivo para recoger ciertos detalles de la vivienda, tr\u00edpode y flash.<br>Las im\u00e1genes se toman en formato RAW, lo que nos permite posteriormente realizar el trabajo de postproducci\u00f3n (edici\u00f3n \/ revelado digital) para obtener los resultados deseados.<\/p>\n","protected":false},"excerpt":{"rendered":"<p>\u00bfPOR QU\u00c9 CONTRATARNOS? Ponemos nuestra EXPERIENCIA y nuestro EQUIPO FOTOGR\u00c1FICO a tu disposici\u00f3n. Ofrecemos un servicio PREMIUM con precios para todos los bolsillos. \u00bfPOR QU\u00c9 NECESITAS EL SERVICIO DE FOTOGRAF\u00cdA INMOBILIARIA?Si quieres que tu vivienda genere inter\u00e9s en un mercado tan competitivo como el inmobiliario tienes que hacer que destaque. Estas son las principales RAZONES [&hellip;]<\/p>\n","protected":false},"author":1,"featured_media":0,"parent":0,"menu_order":0,"comment_status":"closed","ping_status":"closed","template":"","meta":{"footnotes":""},"class_list":["post-997","page","type-page","status-publish","hentry"],"_links":{"self":[{"href":"https:\/\/mktinmobiliario.cl\/inicio\/wp-json\/wp\/v2\/pages\/997","targetHints":{"allow":["GET"]}}],"collection":[{"href":"https:\/\/mktinmobiliario.cl\/inicio\/wp-json\/wp\/v2\/pages"}],"about":[{"href":"https:\/\/mktinmobiliario.cl\/inicio\/wp-json\/wp\/v2\/types\/page"}],"author":[{"embeddable":true,"href":"https:\/\/mktinmobiliario.cl\/inicio\/wp-json\/wp\/v2\/users\/1"}],"replies":[{"embeddable":true,"href":"https:\/\/mktinmobiliario.cl\/inicio\/wp-json\/wp\/v2\/comments?post=997"}],"version-history":[{"count":7,"href":"https:\/\/mktinmobiliario.cl\/inicio\/wp-json\/wp\/v2\/pages\/997\/revisions"}],"predecessor-version":[{"id":1196,"href":"https:\/\/mktinmobiliario.cl\/inicio\/wp-json\/wp\/v2\/pages\/997\/revisions\/1196"}],"wp:attachment":[{"href":"https:\/\/mktinmobiliario.cl\/inicio\/wp-json\/wp\/v2\/media?parent=997"}],"curies":[{"name":"wp","href":"https:\/\/api.w.org\/{rel}","templated":true}]}}